{"id":6,"date":"2024-01-19T04:00:14","date_gmt":"2024-01-19T04:00:14","guid":{"rendered":"https:\/\/hadzimanovic.com\/?page_id=6"},"modified":"2024-01-21T06:22:47","modified_gmt":"2024-01-21T06:22:47","slug":"architectur","status":"publish","type":"page","link":"https:\/\/hadzimanovic.com\/","title":{"rendered":"Home"},"content":{"rendered":"\t\t<div data-elementor-type=\"wp-page\" data-elementor-id=\"6\" class=\"elementor elementor-6\" data-elementor-post-type=\"page\">\n\t\t\t\t<div class=\"elementor-element elementor-element-d6f2376 e-con-full e-flex e-con e-parent\" data-id=\"d6f2376\" data-element_type=\"container\" data-e-type=\"container\">\n\t\t\t\t<div class=\"elementor-element elementor-element-d7e127e elementor-widget elementor-widget-image\" data-id=\"d7e127e\" data-element_type=\"widget\" data-e-type=\"widget\" data-widget_type=\"image.default\">\n\t\t\t\t<div class=\"elementor-widget-container\">\n\t\t\t\t\t\t\t\t\t\t\t\t\t\t\t<img fetchpriority=\"high\" decoding=\"async\" width=\"1024\" height=\"92\" src=\"https:\/\/hadzimanovic.com\/wp-content\/uploads\/2024\/01\/pe-hadzimanovic.jpg\" class=\"attachment-full size-full wp-image-19\" alt=\"Hadzi-Manovic Pedja Pe\" srcset=\"https:\/\/hadzimanovic.com\/wp-content\/uploads\/2024\/01\/pe-hadzimanovic.jpg 1024w, https:\/\/hadzimanovic.com\/wp-content\/uploads\/2024\/01\/pe-hadzimanovic-300x27.jpg 300w, https:\/\/hadzimanovic.com\/wp-content\/uploads\/2024\/01\/pe-hadzimanovic-768x69.jpg 768w\" sizes=\"(max-width: 1024px) 100vw, 1024px\" \/>\t\t\t\t\t\t\t\t\t\t\t\t\t\t\t<\/div>\n\t\t\t\t<\/div>\n\t\t\t\t<div class=\"elementor-element elementor-element-2c51192 elementor-widget elementor-widget-text-editor\" data-id=\"2c51192\" data-element_type=\"widget\" data-e-type=\"widget\" data-widget_type=\"text-editor.default\">\n\t\t\t\t<div class=\"elementor-widget-container\">\n\t\t\t\t\t\t\t\t\t<p>0041 (0)44 400 40 11 \u00b7 <span style=\"text-decoration: underline;\"><a href=\"mailto:PE@HADZIMANOVIC.COM\">PE@HADZIMANOVIC.COM<\/a><\/span><\/p><div class=\"page\" title=\"Page 1\"><div class=\"layoutArea\"><div class=\"column\"><p>OBERE ZA\u0308UNE 20 \u00b7 8001 ZURICH \u00b7 SWITZERLAND<\/p><div class=\"page\" title=\"Page 1\"><div class=\"layoutArea\"><div class=\"column\"><p>ULICA NJEGOS\u030cA 53 \u00b7 11000 BELGRADE \u00b7 SERBIA<\/p><div class=\"page\" title=\"Page 1\"><div class=\"layoutArea\"><div class=\"column\"><p>DERB S. BUAMAR 36-39 \u00b7 MARRAKESH \u00b7 MOROCCO<\/p><\/div><\/div><\/div><\/div><\/div><\/div><\/div><\/div><\/div>\t\t\t\t\t\t\t\t<\/div>\n\t\t\t\t<\/div>\n\t\t\t\t<\/div>\n\t\t\t\t<\/div>\n\t\t","protected":false},"excerpt":{"rendered":"<p>0041 (0)44 400 40 11 \u00b7 PE@HADZIMANOVIC.COM OBERE ZA\u0308UNE 20 \u00b7 8001 ZURICH \u00b7 SWITZERLAND ULICA NJEGOS\u030cA 53 \u00b7 11000 BELGRADE \u00b7 SERBIA DERB S. BUAMAR 36-39 \u00b7 MARRAKESH \u00b7 MOROCCO<\/p>\n","protected":false},"author":1,"featured_media":0,"parent":0,"menu_order":0,"comment_status":"closed","ping_status":"closed","template":"elementor_canvas","meta":{"footnotes":""},"class_list":["post-6","page","type-page","status-publish","hentry"],"yoast_head":"<!-- This site is optimized with the Yoast SEO plugin v27.3 - https:\/\/yoast.com\/product\/yoast-seo-wordpress\/ -->\n<title>PE HAD\u017dI-MANOVI\u0106<\/title>\n<meta name=\"description\" content=\"Pedja Had\u017ei-Manovi\u0107, Msc ETH SIA | ARCHITECTURE | DESIGN | URBAN PLANING\" \/>\n<meta name=\"robots\" content=\"index, follow, max-snippet:-1, max-image-preview:large, max-video-preview:-1\" \/>\n<link rel=\"canonical\" href=\"https:\/\/hadzimanovic.com\/\" \/>\n<meta property=\"og:locale\" content=\"en_US\" \/>\n<meta property=\"og:type\" content=\"article\" \/>\n<meta property=\"og:title\" content=\"PE HAD\u017dI-MANOVI\u0106\" \/>\n<meta property=\"og:description\" content=\"Pedja Had\u017ei-Manovi\u0107, Msc ETH SIA | ARCHITECTURE | DESIGN | URBAN PLANING\" \/>\n<meta property=\"og:url\" content=\"https:\/\/hadzimanovic.com\/\" \/>\n<meta property=\"og:site_name\" content=\"HADZI-MANOVIC\" \/>\n<meta property=\"article:modified_time\" content=\"2024-01-21T06:22:47+00:00\" \/>\n<meta property=\"og:image\" content=\"https:\/\/hadzimanovic.com\/wp-content\/uploads\/2024\/01\/pe-hadzimanovic.jpg\" \/>\n<meta name=\"twitter:card\" content=\"summary_large_image\" \/>\n<meta name=\"twitter:label1\" content=\"Est. reading time\" \/>\n\t<meta name=\"twitter:data1\" content=\"1 minute\" \/>\n<script type=\"application\/ld+json\" class=\"yoast-schema-graph\">{\"@context\":\"https:\\\/\\\/schema.org\",\"@graph\":[{\"@type\":\"WebPage\",\"@id\":\"https:\\\/\\\/hadzimanovic.com\\\/\",\"url\":\"https:\\\/\\\/hadzimanovic.com\\\/\",\"name\":\"PE HAD\u017dI-MANOVI\u0106\",\"isPartOf\":{\"@id\":\"https:\\\/\\\/hadzimanovic.com\\\/#website\"},\"primaryImageOfPage\":{\"@id\":\"https:\\\/\\\/hadzimanovic.com\\\/#primaryimage\"},\"image\":{\"@id\":\"https:\\\/\\\/hadzimanovic.com\\\/#primaryimage\"},\"thumbnailUrl\":\"https:\\\/\\\/hadzimanovic.com\\\/wp-content\\\/uploads\\\/2024\\\/01\\\/pe-hadzimanovic.jpg\",\"datePublished\":\"2024-01-19T04:00:14+00:00\",\"dateModified\":\"2024-01-21T06:22:47+00:00\",\"description\":\"Pedja Had\u017ei-Manovi\u0107, Msc ETH SIA | ARCHITECTURE | DESIGN | URBAN PLANING\",\"breadcrumb\":{\"@id\":\"https:\\\/\\\/hadzimanovic.com\\\/#breadcrumb\"},\"inLanguage\":\"en-US\",\"potentialAction\":[{\"@type\":\"ReadAction\",\"target\":[\"https:\\\/\\\/hadzimanovic.com\\\/\"]}]},{\"@type\":\"ImageObject\",\"inLanguage\":\"en-US\",\"@id\":\"https:\\\/\\\/hadzimanovic.com\\\/#primaryimage\",\"url\":\"https:\\\/\\\/hadzimanovic.com\\\/wp-content\\\/uploads\\\/2024\\\/01\\\/pe-hadzimanovic.jpg\",\"contentUrl\":\"https:\\\/\\\/hadzimanovic.com\\\/wp-content\\\/uploads\\\/2024\\\/01\\\/pe-hadzimanovic.jpg\",\"width\":1024,\"height\":92,\"caption\":\"Hadzi-Manovic Pedja Pe\"},{\"@type\":\"BreadcrumbList\",\"@id\":\"https:\\\/\\\/hadzimanovic.com\\\/#breadcrumb\",\"itemListElement\":[{\"@type\":\"ListItem\",\"position\":1,\"name\":\"Home\",\"item\":\"https:\\\/\\\/hadzimanovic.com\\\/\"},{\"@type\":\"ListItem\",\"position\":2,\"name\":\"Home\"}]},{\"@type\":\"WebSite\",\"@id\":\"https:\\\/\\\/hadzimanovic.com\\\/#website\",\"url\":\"https:\\\/\\\/hadzimanovic.com\\\/\",\"name\":\"HADZI-MANOVIC\",\"description\":\"\",\"potentialAction\":[{\"@type\":\"SearchAction\",\"target\":{\"@type\":\"EntryPoint\",\"urlTemplate\":\"https:\\\/\\\/hadzimanovic.com\\\/?s={search_term_string}\"},\"query-input\":{\"@type\":\"PropertyValueSpecification\",\"valueRequired\":true,\"valueName\":\"search_term_string\"}}],\"inLanguage\":\"en-US\"}]}<\/script>\n<!-- \/ Yoast SEO plugin. -->","yoast_head_json":{"title":"PE HAD\u017dI-MANOVI\u0106","description":"Pedja Had\u017ei-Manovi\u0107, Msc ETH SIA | ARCHITECTURE | DESIGN | URBAN PLANING","robots":{"index":"index","follow":"follow","max-snippet":"max-snippet:-1","max-image-preview":"max-image-preview:large","max-video-preview":"max-video-preview:-1"},"canonical":"https:\/\/hadzimanovic.com\/","og_locale":"en_US","og_type":"article","og_title":"PE HAD\u017dI-MANOVI\u0106","og_description":"Pedja Had\u017ei-Manovi\u0107, Msc ETH SIA | ARCHITECTURE | DESIGN | URBAN PLANING","og_url":"https:\/\/hadzimanovic.com\/","og_site_name":"HADZI-MANOVIC","article_modified_time":"2024-01-21T06:22:47+00:00","og_image":[{"url":"https:\/\/hadzimanovic.com\/wp-content\/uploads\/2024\/01\/pe-hadzimanovic.jpg","type":"","width":"","height":""}],"twitter_card":"summary_large_image","twitter_misc":{"Est. reading time":"1 minute"},"schema":{"@context":"https:\/\/schema.org","@graph":[{"@type":"WebPage","@id":"https:\/\/hadzimanovic.com\/","url":"https:\/\/hadzimanovic.com\/","name":"PE HAD\u017dI-MANOVI\u0106","isPartOf":{"@id":"https:\/\/hadzimanovic.com\/#website"},"primaryImageOfPage":{"@id":"https:\/\/hadzimanovic.com\/#primaryimage"},"image":{"@id":"https:\/\/hadzimanovic.com\/#primaryimage"},"thumbnailUrl":"https:\/\/hadzimanovic.com\/wp-content\/uploads\/2024\/01\/pe-hadzimanovic.jpg","datePublished":"2024-01-19T04:00:14+00:00","dateModified":"2024-01-21T06:22:47+00:00","description":"Pedja Had\u017ei-Manovi\u0107, Msc ETH SIA | ARCHITECTURE | DESIGN | URBAN PLANING","breadcrumb":{"@id":"https:\/\/hadzimanovic.com\/#breadcrumb"},"inLanguage":"en-US","potentialAction":[{"@type":"ReadAction","target":["https:\/\/hadzimanovic.com\/"]}]},{"@type":"ImageObject","inLanguage":"en-US","@id":"https:\/\/hadzimanovic.com\/#primaryimage","url":"https:\/\/hadzimanovic.com\/wp-content\/uploads\/2024\/01\/pe-hadzimanovic.jpg","contentUrl":"https:\/\/hadzimanovic.com\/wp-content\/uploads\/2024\/01\/pe-hadzimanovic.jpg","width":1024,"height":92,"caption":"Hadzi-Manovic Pedja Pe"},{"@type":"BreadcrumbList","@id":"https:\/\/hadzimanovic.com\/#breadcrumb","itemListElement":[{"@type":"ListItem","position":1,"name":"Home","item":"https:\/\/hadzimanovic.com\/"},{"@type":"ListItem","position":2,"name":"Home"}]},{"@type":"WebSite","@id":"https:\/\/hadzimanovic.com\/#website","url":"https:\/\/hadzimanovic.com\/","name":"HADZI-MANOVIC","description":"","potentialAction":[{"@type":"SearchAction","target":{"@type":"EntryPoint","urlTemplate":"https:\/\/hadzimanovic.com\/?s={search_term_string}"},"query-input":{"@type":"PropertyValueSpecification","valueRequired":true,"valueName":"search_term_string"}}],"inLanguage":"en-US"}]}},"_links":{"self":[{"href":"https:\/\/hadzimanovic.com\/index.php\/wp-json\/wp\/v2\/pages\/6","targetHints":{"allow":["GET"]}}],"collection":[{"href":"https:\/\/hadzimanovic.com\/index.php\/wp-json\/wp\/v2\/pages"}],"about":[{"href":"https:\/\/hadzimanovic.com\/index.php\/wp-json\/wp\/v2\/types\/page"}],"author":[{"embeddable":true,"href":"https:\/\/hadzimanovic.com\/index.php\/wp-json\/wp\/v2\/users\/1"}],"replies":[{"embeddable":true,"href":"https:\/\/hadzimanovic.com\/index.php\/wp-json\/wp\/v2\/comments?post=6"}],"version-history":[{"count":51,"href":"https:\/\/hadzimanovic.com\/index.php\/wp-json\/wp\/v2\/pages\/6\/revisions"}],"predecessor-version":[{"id":73,"href":"https:\/\/hadzimanovic.com\/index.php\/wp-json\/wp\/v2\/pages\/6\/revisions\/73"}],"wp:attachment":[{"href":"https:\/\/hadzimanovic.com\/index.php\/wp-json\/wp\/v2\/media?parent=6"}],"curies":[{"name":"wp","href":"https:\/\/api.w.org\/{rel}","templated":true}]}}